{"id":732,"date":"2021-09-19T12:52:29","date_gmt":"2021-09-19T10:52:29","guid":{"rendered":"https:\/\/www.koegescenen.dk\/?page_id=732"},"modified":"2021-11-18T00:44:01","modified_gmt":"2021-11-17T23:44:01","slug":"koege-amatoerscene-aktivitetslister","status":"publish","type":"page","link":"https:\/\/www.koegescenen.dk\/index.php\/koege-amatoerscene-aktivitetslister\/","title":{"rendered":"Aktivitetslister"},"content":{"rendered":"\t\t<div data-elementor-type=\"wp-page\" data-elementor-id=\"732\" class=\"elementor elementor-732\" data-elementor-post-type=\"page\">\n\t\t\t\t\t\t<section data-particle_enable=\"false\" data-particle-mobile-disabled=\"false\" class=\"elementor-section elementor-top-section elementor-element elementor-element-5354d28 elementor-section-boxed elementor-section-height-default elementor-section-height-default\" data-id=\"5354d28\" data-element_type=\"section\" data-e-type=\"section\">\n\t\t\t\t\t\t<div class=\"elementor-container elementor-column-gap-default\">\n\t\t\t\t\t<div class=\"elementor-column elementor-col-100 elementor-top-column elementor-element elementor-element-171515e\" data-id=\"171515e\" data-element_type=\"column\" data-e-type=\"column\">\n\t\t\t<div class=\"elementor-widget-wrap elementor-element-populated\">\n\t\t\t\t\t\t<div class=\"elementor-element elementor-element-0962114 elementor-widget elementor-widget-heading\" data-id=\"0962114\" data-element_type=\"widget\" data-e-type=\"widget\" data-widget_type=\"heading.default\">\n\t\t\t\t<div class=\"elementor-widget-container\">\n\t\t\t\t\t<h1 class=\"elementor-heading-title elementor-size-default\">Alle aktiviteter<\/h1>\t\t\t\t<\/div>\n\t\t\t\t<\/div>\n\t\t\t\t<div class=\"elementor-element elementor-element-28300d2 elementor-widget elementor-widget-text-editor\" data-id=\"28300d2\" data-element_type=\"widget\" data-e-type=\"widget\" data-widget_type=\"text-editor.default\">\n\t\t\t\t<div class=\"elementor-widget-container\">\n\t\t\t\t\t\t\t\t\t<p>Aktivitetslister pr. hold ser du via de tilsvarende menupunkter ovenfor.<\/p>\t\t\t\t\t\t\t\t<\/div>\n\t\t\t\t<\/div>\n\t\t\t\t<div class=\"elementor-element elementor-element-99ea1fb elementor-widget elementor-widget-the-events-calendar-addon\" data-id=\"99ea1fb\" data-element_type=\"widget\" data-e-type=\"widget\" data-widget_type=\"the-events-calendar-addon.default\">\n\t\t\t\t<div class=\"elementor-widget-container\">\n\t\t\t\t\t<!=========Events list Template 1.7.3=========><div id=\"ectbe-wrapper-99ea1fb\" class=\"ectbe-wrapper ectbe-list-wrapper style-1\"><h3>There is no Event<\/h3><\/div>\t\t\t\t<\/div>\n\t\t\t\t<\/div>\n\t\t\t\t\t<\/div>\n\t\t<\/div>\n\t\t\t\t\t<\/div>\n\t\t<\/section>\n\t\t\t\t<\/div>\n\t\t","protected":false},"excerpt":{"rendered":"<p>Alle aktiviteter Aktivitetslister pr. hold ser du via de tilsvarende menupunkter ovenfor. 23 november 2021 Voksenholdet, \u00f8veaften 19:00L\u00e6s mere 30 november 2021 Voksenholdet, \u00f8veaften 19:00L\u00e6s mere 05 december 2021 Voksenholdet, [&hellip;]<\/p>\n","protected":false},"author":1,"featured_media":0,"parent":0,"menu_order":0,"comment_status":"closed","ping_status":"closed","template":"","meta":{"_acf_changed":false,"footnotes":""},"class_list":["post-732","page","type-page","status-publish","hentry"],"acf":[],"_links":{"self":[{"href":"https:\/\/www.koegescenen.dk\/index.php\/wp-json\/wp\/v2\/pages\/732","targetHints":{"allow":["GET"]}}],"collection":[{"href":"https:\/\/www.koegescenen.dk\/index.php\/wp-json\/wp\/v2\/pages"}],"about":[{"href":"https:\/\/www.koegescenen.dk\/index.php\/wp-json\/wp\/v2\/types\/page"}],"author":[{"embeddable":true,"href":"https:\/\/www.koegescenen.dk\/index.php\/wp-json\/wp\/v2\/users\/1"}],"replies":[{"embeddable":true,"href":"https:\/\/www.koegescenen.dk\/index.php\/wp-json\/wp\/v2\/comments?post=732"}],"version-history":[{"count":10,"href":"https:\/\/www.koegescenen.dk\/index.php\/wp-json\/wp\/v2\/pages\/732\/revisions"}],"predecessor-version":[{"id":1667,"href":"https:\/\/www.koegescenen.dk\/index.php\/wp-json\/wp\/v2\/pages\/732\/revisions\/1667"}],"wp:attachment":[{"href":"https:\/\/www.koegescenen.dk\/index.php\/wp-json\/wp\/v2\/media?parent=732"}],"curies":[{"name":"wp","href":"https:\/\/api.w.org\/{rel}","templated":true}]}}